{"id":41,"date":"2018-07-02T07:13:30","date_gmt":"2018-07-02T07:13:30","guid":{"rendered":"https:\/\/beh.digital\/?page_id=41"},"modified":"2026-04-08T05:10:11","modified_gmt":"2026-04-08T05:10:11","slug":"about-us","status":"publish","type":"page","link":"https:\/\/beh.digital\/de\/about-us\/","title":{"rendered":"\u00dcber uns"},"content":{"rendered":"<div data-elementor-type=\"wp-post\" data-elementor-id=\"41\" class=\"elementor elementor-41\" data-elementor-post-type=\"page\">\n\t\t\t\t\t\t<section class=\"elementor-section elementor-top-section elementor-element elementor-element-239199a4 elementor-section-height-min-height elementor-section-boxed elementor-section-height-default elementor-section-items-middle\" data-id=\"239199a4\" data-element_type=\"section\" data-e-type=\"section\" data-settings=\"{&quot;background_background&quot;:&quot;classic&quot;}\">\n\t\t\t\t\t\t\t<div class=\"elementor-background-overlay\"><\/div>\n\t\t\t\t\t\t\t<div class=\"elementor-container elementor-column-gap-default\">\n\t\t\t\t\t<div class=\"elementor-column elementor-col-100 elementor-top-column elementor-element elementor-element-14e89743\" data-id=\"14e89743\" data-element_type=\"column\" data-e-type=\"column\" data-settings=\"{&quot;background_background&quot;:&quot;classic&quot;}\">\n\t\t\t<div class=\"elementor-widget-wrap elementor-element-populated\">\n\t\t\t\t\t\t<div class=\"elementor-element elementor-element-cc48d22 elementor-widget elementor-widget-menu-anchor\" data-id=\"cc48d22\" data-element_type=\"widget\" data-e-type=\"widget\" data-widget_type=\"menu-anchor.default\">\n\t\t\t\t<div class=\"elementor-widget-container\">\n\t\t\t\t\t\t\t<div class=\"elementor-menu-anchor\" id=\"Company\"><\/div>\n\t\t\t\t\t\t<\/div>\n\t\t\t\t<\/div>\n\t\t\t\t<div class=\"elementor-element elementor-element-1306459f elementor-widget elementor-widget-heading\" data-id=\"1306459f\" data-element_type=\"widget\" data-e-type=\"widget\" data-widget_type=\"heading.default\">\n\t\t\t\t<div class=\"elementor-widget-container\">\n\t\t\t\t\t<h1 class=\"elementor-heading-title elementor-size-large\">Unternehmensziel<\/h1>\t\t\t\t<\/div>\n\t\t\t\t<\/div>\n\t\t\t\t<div class=\"elementor-element elementor-element-79a56a0d elementor-widget elementor-widget-text-editor\" data-id=\"79a56a0d\" data-element_type=\"widget\" data-e-type=\"widget\" data-widget_type=\"text-editor.default\">\n\t\t\t\t<div class=\"elementor-widget-container\">\n\t\t\t\t\t\t\t\t\t<p>Das Maschinelle Lernen hat vor zehn Jahren eine Renaissance erlebt und ist seitdem auf dem Weg zu Innovationen und Disruption in allen Branchen. Angetrieben durch massive Investitionen in k\u00fcnstliche Intelligenz basiertes autonomes Fahren und Bilderkennubg sind diese Algorithmen heute in der Lage, Aufgaben zu l\u00f6sen, die bisher nur vom Menschen gel\u00f6st werden konnten.<\/p><p>Allerdings sind diese Innovationen in kleinen und mittleren Unternehmen noch nicht weit verbreitet, da qualifizierte Mitarbeiter und Weiterbildung selten sind. Beh.digital demokratisiert die maschinelle Lerntechnologie f\u00fcr die kamerabasierte Automatisierung und Qualit\u00e4tsbewertung. Dadurch reduzieren Sie die Kosten und steigern Ihre Effizienz. Unsere Mission ist es, eine Ende-zu-Ende L\u00f6sung anzubieten, die mit spezifischer Hardware und einfach zu bedienender Software beginnt und es jedem erm\u00f6glicht, von dieser neuen Technologie zu profitieren, anstatt abgeh\u00e4ngt zu werden.<\/p>\t\t\t\t\t\t\t\t<\/div>\n\t\t\t\t<\/div>\n\t\t\t\t\t<\/div>\n\t\t<\/div>\n\t\t\t\t\t<\/div>\n\t\t<\/section>\n\t\t\t\t<section class=\"elementor-section elementor-top-section elementor-element elementor-element-e90aef4 elementor-section-height-min-height elementor-section-items-stretch elementor-section-content-middle elementor-section-boxed elementor-section-height-default\" data-id=\"e90aef4\" data-element_type=\"section\" data-e-type=\"section\" data-settings=\"{&quot;background_background&quot;:&quot;classic&quot;}\">\n\t\t\t\t\t\t<div class=\"elementor-container elementor-column-gap-no\">\n\t\t\t\t\t<div class=\"elementor-column elementor-col-50 elementor-top-column elementor-element elementor-element-f974b70\" data-id=\"f974b70\" data-element_type=\"column\" data-e-type=\"column\" data-settings=\"{&quot;background_background&quot;:&quot;classic&quot;}\">\n\t\t\t<div class=\"elementor-widget-wrap elementor-element-populated\">\n\t\t\t\t\t\t<div class=\"elementor-element elementor-element-b22c927 elementor-position-left elementor-vertical-align-middle elementor-widget elementor-widget-image-box\" data-id=\"b22c927\" data-element_type=\"widget\" data-e-type=\"widget\" data-widget_type=\"image-box.default\">\n\t\t\t\t<div class=\"elementor-widget-container\">\n\t\t\t\t\t<div class=\"elementor-image-box-wrapper\"><figure class=\"elementor-image-box-img\"><a href=\"https:\/\/www.ims.uni-hannover.de\/10.html?&#038;tx_ttnews%5BbackPid%5D=1&#038;tx_ttnews%5Btt_news%5D=192&#038;cHash=0048728ac630d259e90c48fd8e122ed6\" tabindex=\"-1\"><img fetchpriority=\"high\" decoding=\"async\" width=\"1600\" height=\"1066\" src=\"https:\/\/beh.digital\/wp-content\/uploads\/Gewinner-Sonderpreis-Hochschule-und-Wissenschaft.jpg\" class=\"attachment-full size-full wp-image-667\" alt=\"\" srcset=\"https:\/\/beh.digital\/wp-content\/uploads\/Gewinner-Sonderpreis-Hochschule-und-Wissenschaft.jpg 1600w, https:\/\/beh.digital\/wp-content\/uploads\/Gewinner-Sonderpreis-Hochschule-und-Wissenschaft-300x200.jpg 300w, https:\/\/beh.digital\/wp-content\/uploads\/Gewinner-Sonderpreis-Hochschule-und-Wissenschaft-768x512.jpg 768w, https:\/\/beh.digital\/wp-content\/uploads\/Gewinner-Sonderpreis-Hochschule-und-Wissenschaft-1024x682.jpg 1024w\" sizes=\"(max-width: 1600px) 100vw, 1600px\" \/><\/a><\/figure><div class=\"elementor-image-box-content\"><h3 class=\"elementor-image-box-title\"><a href=\"https:\/\/www.ims.uni-hannover.de\/10.html?&#038;tx_ttnews%5BbackPid%5D=1&#038;tx_ttnews%5Btt_news%5D=192&#038;cHash=0048728ac630d259e90c48fd8e122ed6\">Special prize \"University &amp; Science\" for startup of IMS<\/a><\/h3><p class=\"elementor-image-box-description\">beh.digital kann mit seiner Soft- und Hardware zur industriellen Bildverarbeitung durch Maschinelles Lernen f\u00fcr den Mittelstand die Jury \u00fcberzeugen.<br><br>Picture source: hannoverimpuls GmbH<\/p><\/div><\/div>\t\t\t\t<\/div>\n\t\t\t\t<\/div>\n\t\t\t\t<div class=\"elementor-element elementor-element-201026b elementor-widget elementor-widget-text-editor\" data-id=\"201026b\" data-element_type=\"widget\" data-e-type=\"widget\" data-widget_type=\"text-editor.default\">\n\t\t\t\t<div class=\"elementor-widget-container\">\n\t\t\t\t\t\t\t\t\t<p>Bildverarbeitungssysteme in der Industrie sind aktuell teuer und haben lange Entwicklungszeiten. K\u00fcnstliche Intelligenz kann das Problem l\u00f6sen. Dieses Know-how mit Kenntnissen \u00fcber Kameras und Bildverarbeitungsalgorithmen fehlt aber oftmals, vor allem im Mittelstand. Daf\u00fcr gibt es beh.digital: Mit der Soft- und Hardware k\u00f6nnen Prozesse in der Industrieautomatisierung oder Qualit\u00e4tssicherung mit Hilfe von Maschinellem Lernen, basierend auf Kamerabildern, gel\u00f6st werden. Anstelle von klassischer Bildverarbeitung nimmt der Kunde Bilder des Prozesses auf und kategorisiert sie. Nach einem Training kann das k\u00fcnstliche neuronale Netz in wenigen Stunden Dinge erkennen.<\/p><p>Die Algorithmen wurden im Bereich autonom fahrender Fahrzeuge entwickelt, es gibt daf\u00fcr aber auch Interesse in vielen anderen Branchen. Die neue Software verringert die Komplexit\u00e4t und den Wissensbedarf und bringt das Verfahren dadurch auch in kleine und mittelst\u00e4ndische Unternehmen.<\/p>\t\t\t\t\t\t\t\t<\/div>\n\t\t\t\t<\/div>\n\t\t\t\t\t<\/div>\n\t\t<\/div>\n\t\t\t\t<div class=\"elementor-column elementor-col-50 elementor-top-column elementor-element elementor-element-3405f30\" data-id=\"3405f30\" data-element_type=\"column\" data-e-type=\"column\" data-settings=\"{&quot;background_background&quot;:&quot;none&quot;}\">\n\t\t\t<div class=\"elementor-widget-wrap\">\n\t\t\t\t\t\t\t<\/div>\n\t\t<\/div>\n\t\t\t\t\t<\/div>\n\t\t<\/section>\n\t\t\t\t<section class=\"elementor-section elementor-top-section elementor-element elementor-element-7f0727e elementor-section-height-min-height elementor-section-boxed elementor-section-height-default elementor-section-items-middle\" data-id=\"7f0727e\" data-element_type=\"section\" data-e-type=\"section\" data-settings=\"{&quot;background_background&quot;:&quot;classic&quot;}\">\n\t\t\t\t\t\t<div class=\"elementor-container elementor-column-gap-default\">\n\t\t\t\t\t<div class=\"elementor-column elementor-col-100 elementor-top-column elementor-element elementor-element-d785a03\" data-id=\"d785a03\" data-element_type=\"column\" data-e-type=\"column\">\n\t\t\t<div class=\"elementor-widget-wrap elementor-element-populated\">\n\t\t\t\t\t\t<div class=\"elementor-element elementor-element-6d43a74 elementor-widget elementor-widget-menu-anchor\" data-id=\"6d43a74\" data-element_type=\"widget\" data-e-type=\"widget\" data-widget_type=\"menu-anchor.default\">\n\t\t\t\t<div class=\"elementor-widget-container\">\n\t\t\t\t\t\t\t<div class=\"elementor-menu-anchor\" id=\"Team\"><\/div>\n\t\t\t\t\t\t<\/div>\n\t\t\t\t<\/div>\n\t\t\t\t<div class=\"elementor-element elementor-element-89aa39e elementor-widget elementor-widget-heading\" data-id=\"89aa39e\" data-element_type=\"widget\" data-e-type=\"widget\" data-widget_type=\"heading.default\">\n\t\t\t\t<div class=\"elementor-widget-container\">\n\t\t\t\t\t<h2 class=\"elementor-heading-title elementor-size-large\">Team<\/h2>\t\t\t\t<\/div>\n\t\t\t\t<\/div>\n\t\t\t\t<section class=\"elementor-section elementor-inner-section elementor-element elementor-element-fb02423 elementor-section-boxed elementor-section-height-default elementor-section-height-default\" data-id=\"fb02423\" data-element_type=\"section\" data-e-type=\"section\">\n\t\t\t\t\t\t<div class=\"elementor-container elementor-column-gap-default\">\n\t\t\t\t\t<div class=\"elementor-column elementor-col-50 elementor-inner-column elementor-element elementor-element-bdd7af6\" data-id=\"bdd7af6\" data-element_type=\"column\" data-e-type=\"column\">\n\t\t\t<div class=\"elementor-widget-wrap elementor-element-populated\">\n\t\t\t\t\t\t<div class=\"elementor-element elementor-element-aaecc9d elementor-widget elementor-widget-image\" data-id=\"aaecc9d\" data-element_type=\"widget\" data-e-type=\"widget\" data-widget_type=\"image.default\">\n\t\t\t\t<div class=\"elementor-widget-container\">\n\t\t\t\t\t\t\t\t\t\t\t\t\t\t\t<img decoding=\"async\" src=\"https:\/\/beh.digital\/wp-content\/uploads\/elementor\/thumbs\/6199sw-neu-kleiner-nymzudmjz6u9j5eia3a6j55cj3v02yfjo419skiraw.jpg\" title=\"6199sw neu kleiner\" alt=\"6199sw neu kleiner\" loading=\"lazy\" \/>\t\t\t\t\t\t\t\t\t\t\t\t\t\t\t<\/div>\n\t\t\t\t<\/div>\n\t\t\t\t<div class=\"elementor-element elementor-element-572e39b elementor-widget elementor-widget-heading\" data-id=\"572e39b\" data-element_type=\"widget\" data-e-type=\"widget\" data-widget_type=\"heading.default\">\n\t\t\t\t<div class=\"elementor-widget-container\">\n\t\t\t\t\t<h4 class=\"elementor-heading-title elementor-size-default\">Dr.-Ing. Nicolai Behmann<\/h4>\t\t\t\t<\/div>\n\t\t\t\t<\/div>\n\t\t\t\t<div class=\"elementor-element elementor-element-fd9abdf elementor-widget elementor-widget-heading\" data-id=\"fd9abdf\" data-element_type=\"widget\" data-e-type=\"widget\" data-widget_type=\"heading.default\">\n\t\t\t\t<div class=\"elementor-widget-container\">\n\t\t\t\t\t<span class=\"elementor-heading-title elementor-size-default\">Gr\u00fcnder<\/span>\t\t\t\t<\/div>\n\t\t\t\t<\/div>\n\t\t\t\t<div class=\"elementor-element elementor-element-803061a elementor-widget elementor-widget-text-editor\" data-id=\"803061a\" data-element_type=\"widget\" data-e-type=\"widget\" data-widget_type=\"text-editor.default\">\n\t\t\t\t<div class=\"elementor-widget-container\">\n\t\t\t\t\t\t\t\t\t<p>Seit mehr als 14 Jahren l\u00f6st Nicolai Herausforderungen in den Bereichen Computer Vision und Machine Learning. Nach dem Abschluss als B.Sc. und M.Sc., beide an der Leibniz Universit\u00e4t Hannover, erforschte Nicolai am Institut f\u00fcr Mikroelektronische Systeme unter der Leitung von Prof. Blume an der gleichen Universit\u00e4t an Algorithmen und Hardwarearchitekturen f\u00fcr hochautomatisiertes Fahren w\u00e4hrend seiner Promotion. Geringe Verlustleistung bei h\u00f6chstem Wirkungsgrad sind die prim\u00e4ren Designziele f\u00fcr alle Anwendungen.<\/p>\t\t\t\t\t\t\t\t<\/div>\n\t\t\t\t<\/div>\n\t\t\t\t\t<\/div>\n\t\t<\/div>\n\t\t\t\t<div class=\"elementor-column elementor-col-50 elementor-inner-column elementor-element elementor-element-23d0c27\" data-id=\"23d0c27\" data-element_type=\"column\" data-e-type=\"column\">\n\t\t\t<div class=\"elementor-widget-wrap elementor-element-populated\">\n\t\t\t\t\t\t<div class=\"elementor-element elementor-element-e29774e elementor-widget elementor-widget-image\" data-id=\"e29774e\" data-element_type=\"widget\" data-e-type=\"widget\" data-widget_type=\"image.default\">\n\t\t\t\t<div class=\"elementor-widget-container\">\n\t\t\t\t\t\t\t\t\t\t\t\t\t\t\t<img decoding=\"async\" src=\"https:\/\/beh.digital\/wp-content\/uploads\/elementor\/thumbs\/ims-building-nylcbqit4pq4elpjsx7jstx8pgo416aj30ptjtfquw.jpg\" title=\"ims-building\" alt=\"ims-building\" loading=\"lazy\" \/>\t\t\t\t\t\t\t\t\t\t\t\t\t\t\t<\/div>\n\t\t\t\t<\/div>\n\t\t\t\t<div class=\"elementor-element elementor-element-fc342c0 elementor-widget elementor-widget-heading\" data-id=\"fc342c0\" data-element_type=\"widget\" data-e-type=\"widget\" data-widget_type=\"heading.default\">\n\t\t\t\t<div class=\"elementor-widget-container\">\n\t\t\t\t\t<h4 class=\"elementor-heading-title elementor-size-default\">Leibniz Universit\u00e4t Hannover<\/h4>\t\t\t\t<\/div>\n\t\t\t\t<\/div>\n\t\t\t\t<div class=\"elementor-element elementor-element-a4ef807 elementor-widget elementor-widget-heading\" data-id=\"a4ef807\" data-element_type=\"widget\" data-e-type=\"widget\" data-widget_type=\"heading.default\">\n\t\t\t\t<div class=\"elementor-widget-container\">\n\t\t\t\t\t<span class=\"elementor-heading-title elementor-size-default\">Unterst\u00fctzer<\/span>\t\t\t\t<\/div>\n\t\t\t\t<\/div>\n\t\t\t\t<div class=\"elementor-element elementor-element-cf7d534 elementor-widget elementor-widget-text-editor\" data-id=\"cf7d534\" data-element_type=\"widget\" data-e-type=\"widget\" data-widget_type=\"text-editor.default\">\n\t\t\t\t<div class=\"elementor-widget-container\">\n\t\t\t\t\t\t\t\t\t<p>Das Fachgebiet Architekturen und Systeme des Instituts f\u00fcr Mikroelektronische Systeme der Leibniz Universit\u00e4t Hannover ist der Ursprung der beh.digital GmbH. Unter der Leitung von Prof. Blume werden von mehr als 25 Forschungsingenieuren sowohl Hochleistungs- als auch Energie-effiziente Implementierungen rechenintensiver Signalverarbeitungsalgorithmen erforscht.<\/p>\t\t\t\t\t\t\t\t<\/div>\n\t\t\t\t<\/div>\n\t\t\t\t\t<\/div>\n\t\t<\/div>\n\t\t\t\t\t<\/div>\n\t\t<\/section>\n\t\t\t\t\t<\/div>\n\t\t<\/div>\n\t\t\t\t\t<\/div>\n\t\t<\/section>\n\t\t\t\t<\/div>","protected":false},"excerpt":{"rendered":"<p>Company Machine learning has seen a revival ten years ago and since then is on its way to innovate and disrupt all industries. Powered by massive investments in artificial intelligence based autonomous driving and image recognition, these algorithms are now able to solve tasks, which have previously only been done by humans. However, these innovations [&hellip;]<\/p>\n","protected":false},"author":1,"featured_media":0,"parent":0,"menu_order":0,"comment_status":"closed","ping_status":"closed","template":"","meta":{"footnotes":""},"class_list":["post-41","page","type-page","status-publish","hentry"],"_links":{"self":[{"href":"https:\/\/beh.digital\/de\/wp-json\/wp\/v2\/pages\/41","targetHints":{"allow":["GET"]}}],"collection":[{"href":"https:\/\/beh.digital\/de\/wp-json\/wp\/v2\/pages"}],"about":[{"href":"https:\/\/beh.digital\/de\/wp-json\/wp\/v2\/types\/page"}],"author":[{"embeddable":true,"href":"https:\/\/beh.digital\/de\/wp-json\/wp\/v2\/users\/1"}],"replies":[{"embeddable":true,"href":"https:\/\/beh.digital\/de\/wp-json\/wp\/v2\/comments?post=41"}],"version-history":[{"count":96,"href":"https:\/\/beh.digital\/de\/wp-json\/wp\/v2\/pages\/41\/revisions"}],"predecessor-version":[{"id":1257,"href":"https:\/\/beh.digital\/de\/wp-json\/wp\/v2\/pages\/41\/revisions\/1257"}],"wp:attachment":[{"href":"https:\/\/beh.digital\/de\/wp-json\/wp\/v2\/media?parent=41"}],"curies":[{"name":"wp","href":"https:\/\/api.w.org\/{rel}","templated":true}]}}